{"id":1762,"date":"2025-12-11T15:57:57","date_gmt":"2025-12-11T19:57:57","guid":{"rendered":"https:\/\/new.nowdevenezuela.com\/?post_type=product&#038;p=1762"},"modified":"2025-12-11T15:58:02","modified_gmt":"2025-12-11T19:58:02","slug":"creatine-monohydrate-750mg-120-capsulas-vegetales","status":"publish","type":"product","link":"https:\/\/new.nowdevenezuela.com\/index.php\/product\/creatine-monohydrate-750mg-120-capsulas-vegetales\/","title":{"rendered":"Creatine Monohydrate 750mg 120 c\u00e1psulas vegetales"},"content":{"rendered":"<p style=\"text-align: left\"><strong>Presentaci\u00f3n:<\/strong><\/p>\n<p style=\"text-align: left\">&#8211;\u00a0 Envase de 120 c\u00e1psulas vegetales de 750 mg.<\/p>\n<p style=\"text-align: left\"><strong>Modo de Uso:<\/strong><\/p>\n<p style=\"text-align: left\">&#8211;\u00a0 Tomar 7 c\u00e1psulas al d\u00eda: 3 c\u00e1psulas antes de hacer ejercicio y 4 despu\u00e9s de hacer ejercicio.<\/p>\n<p style=\"text-align: left\">\n","protected":false},"excerpt":{"rendered":"<p>&#8216;-\u00a0 Aumenta la masa muscular.<\/p>\n<p>&#8211; Mejora el rendimiento, la fuerza y el volumen muscular.<\/p>\n<p>&#8211; Potencia al cuerpo durante el ejercicio.<\/p>\n<p>&#8211; Beneficia y acelera la recuperaci\u00f3n muscular tras un esfuerzo f\u00edsico.<\/p>\n<p>&#8211; Mantiene la producci\u00f3n de energ\u00eda durante el ejercicio intenso.<\/p>\n<p>&nbsp;<\/p>\n","protected":false},"featured_media":776,"comment_status":"open","ping_status":"closed","template":"","meta":[],"product_brand":[],"product_cat":[64],"product_tag":[67],"class_list":{"0":"post-1762","1":"product","2":"type-product","3":"status-publish","4":"has-post-thumbnail","6":"product_cat-now-sports","7":"product_tag-atp-energizer-beneficia-acelera-recuperacion-muscular","9":"first","10":"instock","11":"shipping-taxable","12":"purchasable","13":"product-type-simple"},"_links":{"self":[{"href":"https:\/\/new.nowdevenezuela.com\/index.php\/wp-json\/wp\/v2\/product\/1762","targetHints":{"allow":["GET"]}}],"collection":[{"href":"https:\/\/new.nowdevenezuela.com\/index.php\/wp-json\/wp\/v2\/product"}],"about":[{"href":"https:\/\/new.nowdevenezuela.com\/index.php\/wp-json\/wp\/v2\/types\/product"}],"replies":[{"embeddable":true,"href":"https:\/\/new.nowdevenezuela.com\/index.php\/wp-json\/wp\/v2\/comments?post=1762"}],"wp:featuredmedia":[{"embeddable":true,"href":"https:\/\/new.nowdevenezuela.com\/index.php\/wp-json\/wp\/v2\/media\/776"}],"wp:attachment":[{"href":"https:\/\/new.nowdevenezuela.com\/index.php\/wp-json\/wp\/v2\/media?parent=1762"}],"wp:term":[{"taxonomy":"product_brand","embeddable":true,"href":"https:\/\/new.nowdevenezuela.com\/index.php\/wp-json\/wp\/v2\/product_brand?post=1762"},{"taxonomy":"product_cat","embeddable":true,"href":"https:\/\/new.nowdevenezuela.com\/index.php\/wp-json\/wp\/v2\/product_cat?post=1762"},{"taxonomy":"product_tag","embeddable":true,"href":"https:\/\/new.nowdevenezuela.com\/index.php\/wp-json\/wp\/v2\/product_tag?post=1762"}],"curies":[{"name":"wp","href":"https:\/\/api.w.org\/{rel}","templated":true}]}}