{"id":1754,"date":"2025-12-11T15:57:56","date_gmt":"2025-12-11T19:57:56","guid":{"rendered":"https:\/\/new.nowdevenezuela.com\/?post_type=product&#038;p=1754"},"modified":"2025-12-11T15:58:00","modified_gmt":"2025-12-11T19:58:00","slug":"algas-marinas-150-mcg-kelp-200-tabletas","status":"publish","type":"product","link":"https:\/\/new.nowdevenezuela.com\/index.php\/product\/algas-marinas-150-mcg-kelp-200-tabletas\/","title":{"rendered":"Algas Marinas 150 mcg (Kelp) 200 tabletas"},"content":{"rendered":"<p><strong>Presentaci\u00f3n:<\/strong><\/p>\n<p>&#8211;\u00a0 Envase de 200 tabletas de 150 mcg.<\/p>\n<p style=\"text-align: left\"><strong>Modo de uso:<\/strong><\/p>\n<p style=\"text-align: left\">&#8211;\u00a0 Tomar 1 comprimido al d\u00eda con una comida.<\/p>\n<p style=\"text-align: left\">&#8211;\u00a0 Conservar en un lugar fresco y seco una vez abierto.<\/p>\n","protected":false},"excerpt":{"rendered":"<p>&#8216;-\u00a0 Kelp es un alga marina de color\u00a0 marr\u00f3n, que crece en los puertos oce\u00e1nicos;, tambi\u00e9n llamado Sargazo Vejigoso, del grupo de las feoficeas, en las cuales el color verde de la clorofila queda enmascarado por otros pigmentos de color marr\u00f3n.<\/p>\n<p>&#8211;\u00a0 Ayuda a controlar el apetito, debido a que se expande en el est\u00f3mago y produce sensaci\u00f3n de saciedad, contribuyendo a la ingesta adecuada de alimentos.<\/p>\n<p>&#8211;\u00a0 Acelera el metabolismo de las grasas por su contenido de yodo.<\/p>\n<p>&#8211;\u00a0 Las personas con algunos trastornos de tiroides deben consultar con su m\u00e9dico antes de consumir el producto.<\/p>\n<p class=\"alert\" style=\"text-align: center\">\n","protected":false},"featured_media":752,"comment_status":"open","ping_status":"closed","template":"","meta":[],"product_brand":[],"product_cat":[56],"product_tag":[57],"class_list":{"0":"post-1754","1":"product","2":"type-product","3":"status-publish","4":"has-post-thumbnail","6":"product_cat-metabolica","7":"product_tag-coadyuvante-control_de_peso-reconstituyente","9":"first","10":"instock","11":"shipping-taxable","12":"purchasable","13":"product-type-simple"},"_links":{"self":[{"href":"https:\/\/new.nowdevenezuela.com\/index.php\/wp-json\/wp\/v2\/product\/1754","targetHints":{"allow":["GET"]}}],"collection":[{"href":"https:\/\/new.nowdevenezuela.com\/index.php\/wp-json\/wp\/v2\/product"}],"about":[{"href":"https:\/\/new.nowdevenezuela.com\/index.php\/wp-json\/wp\/v2\/types\/product"}],"replies":[{"embeddable":true,"href":"https:\/\/new.nowdevenezuela.com\/index.php\/wp-json\/wp\/v2\/comments?post=1754"}],"wp:featuredmedia":[{"embeddable":true,"href":"https:\/\/new.nowdevenezuela.com\/index.php\/wp-json\/wp\/v2\/media\/752"}],"wp:attachment":[{"href":"https:\/\/new.nowdevenezuela.com\/index.php\/wp-json\/wp\/v2\/media?parent=1754"}],"wp:term":[{"taxonomy":"product_brand","embeddable":true,"href":"https:\/\/new.nowdevenezuela.com\/index.php\/wp-json\/wp\/v2\/product_brand?post=1754"},{"taxonomy":"product_cat","embeddable":true,"href":"https:\/\/new.nowdevenezuela.com\/index.php\/wp-json\/wp\/v2\/product_cat?post=1754"},{"taxonomy":"product_tag","embeddable":true,"href":"https:\/\/new.nowdevenezuela.com\/index.php\/wp-json\/wp\/v2\/product_tag?post=1754"}],"curies":[{"name":"wp","href":"https:\/\/api.w.org\/{rel}","templated":true}]}}