{"id":1750,"date":"2025-12-11T15:57:55","date_gmt":"2025-12-11T19:57:55","guid":{"rendered":"https:\/\/new.nowdevenezuela.com\/?post_type=product&#038;p=1750"},"modified":"2025-12-11T15:58:00","modified_gmt":"2025-12-11T19:58:00","slug":"omega-3-6-9-100-capsulas-blandas","status":"publish","type":"product","link":"https:\/\/new.nowdevenezuela.com\/index.php\/product\/omega-3-6-9-100-capsulas-blandas\/","title":{"rendered":"Omega-3-6-9 100 c\u00e1psulas blandas"},"content":{"rendered":"<p style=\"text-align: left\"><strong>Presentaci\u00f3n:<\/strong><\/p>\n<p style=\"text-align: left\">&#8211;\u00a0 90 c\u00e1psulas de 1000 mg.<\/p>\n<p style=\"text-align: left\"><strong>Modo de uso:<\/strong><\/p>\n<p style=\"text-align: left\">&#8211;\u00a0 Tomar 1 o 3 c\u00e1psulas blandas con las comidas.<\/p>\n","protected":false},"excerpt":{"rendered":"<p>&#8216;-\u00a0 \u00a0Mejora la frecuencia card\u00edaca.<\/p>\n<p>&#8211; Evita la formaci\u00f3n de co\u00e1gulos y permite una mejor dilataci\u00f3n de los vasos sangu\u00edneos mejorando la circulaci\u00f3n.<\/p>\n<p>&#8211; Previene enfermedades cerebro vasculares.<\/p>\n<p>&#8211; Juega un rol fundamental en el mantenimiento de un peso saludable.<\/p>\n<p>&#8211; Es de origen vegetal por lo que puede ser consumido por personas al\u00e9rgicas al pescado.<\/p>\n","protected":false},"featured_media":740,"comment_status":"open","ping_status":"closed","template":"","meta":[],"product_brand":[],"product_cat":[54],"product_tag":[],"class_list":{"0":"post-1750","1":"product","2":"type-product","3":"status-publish","4":"has-post-thumbnail","6":"product_cat-cardiovascular","8":"first","9":"instock","10":"shipping-taxable","11":"purchasable","12":"product-type-simple"},"_links":{"self":[{"href":"https:\/\/new.nowdevenezuela.com\/index.php\/wp-json\/wp\/v2\/product\/1750","targetHints":{"allow":["GET"]}}],"collection":[{"href":"https:\/\/new.nowdevenezuela.com\/index.php\/wp-json\/wp\/v2\/product"}],"about":[{"href":"https:\/\/new.nowdevenezuela.com\/index.php\/wp-json\/wp\/v2\/types\/product"}],"replies":[{"embeddable":true,"href":"https:\/\/new.nowdevenezuela.com\/index.php\/wp-json\/wp\/v2\/comments?post=1750"}],"wp:featuredmedia":[{"embeddable":true,"href":"https:\/\/new.nowdevenezuela.com\/index.php\/wp-json\/wp\/v2\/media\/740"}],"wp:attachment":[{"href":"https:\/\/new.nowdevenezuela.com\/index.php\/wp-json\/wp\/v2\/media?parent=1750"}],"wp:term":[{"taxonomy":"product_brand","embeddable":true,"href":"https:\/\/new.nowdevenezuela.com\/index.php\/wp-json\/wp\/v2\/product_brand?post=1750"},{"taxonomy":"product_cat","embeddable":true,"href":"https:\/\/new.nowdevenezuela.com\/index.php\/wp-json\/wp\/v2\/product_cat?post=1750"},{"taxonomy":"product_tag","embeddable":true,"href":"https:\/\/new.nowdevenezuela.com\/index.php\/wp-json\/wp\/v2\/product_tag?post=1750"}],"curies":[{"name":"wp","href":"https:\/\/api.w.org\/{rel}","templated":true}]}}