{"id":1748,"date":"2025-12-11T15:57:55","date_gmt":"2025-12-11T19:57:55","guid":{"rendered":"https:\/\/new.nowdevenezuela.com\/?post_type=product&#038;p=1748"},"modified":"2025-12-11T15:57:59","modified_gmt":"2025-12-11T19:57:59","slug":"vitamina-c-1000-proteccion-antioxidante-100-tabletas","status":"publish","type":"product","link":"https:\/\/new.nowdevenezuela.com\/index.php\/product\/vitamina-c-1000-proteccion-antioxidante-100-tabletas\/","title":{"rendered":"Vitamina C-1000 (protecci\u00f3n antioxidante) 100 tabletas"},"content":{"rendered":"<p><strong>Presentaci\u00f3n:<\/strong><\/p>\n<p>&#8211;\u00a0 Envase de 100 tabletas.<\/p>\n<p><strong>Modo de uso:<\/strong><\/p>\n<p>&#8211;\u00a0 Tomar 1 comprimido al d\u00eda.<\/p>\n<p>&#8211;\u00a0 Conservar en un lugar fresco y seco una vez abierto.<\/p>\n<p style=\"text-align: left\">\n","protected":false},"excerpt":{"rendered":"<p>&#8216;-\u00a0 La vitamina C es un nutriente soluble en agua, conocido por su funci\u00f3n vital en el sistema inmunitario. Es necesaria para la producci\u00f3n de col\u00e1geno (una prote\u00edna estructural en el tejido conectivo) lo que la hace importante para la piel, los huesos y la salud de las articulaciones.<\/p>\n<p>&#8211;\u00a0 Tambi\u00e9n es necesaria para el metabolismo de los amino\u00e1cidos, la s\u00edntesis de neurotransmisores y la utilizaci\u00f3n de muchos nutrientes, como el \u00e1cido f\u00f3lico y el hierro.<\/p>\n<p>&#8211;\u00a0 Es adem\u00e1s un antioxidante altamente efectivo que puede ayudar a mantener los tejidos sanos al neutralizar los radicales libres.<\/p>\n<p class=\"alert\" style=\"text-align: center\">\n","protected":false},"featured_media":734,"comment_status":"open","ping_status":"closed","template":"","meta":[],"product_brand":[],"product_cat":[44],"product_tag":[52,53],"class_list":{"0":"post-1748","1":"product","2":"type-product","3":"status-publish","4":"has-post-thumbnail","6":"product_cat-inmunologica","7":"product_tag-acidoascorbico","8":"product_tag-vitamina-c-1000-antioxidante-vitaminac-inmunologica-heridas","10":"first","11":"instock","12":"shipping-taxable","13":"purchasable","14":"product-type-simple"},"_links":{"self":[{"href":"https:\/\/new.nowdevenezuela.com\/index.php\/wp-json\/wp\/v2\/product\/1748","targetHints":{"allow":["GET"]}}],"collection":[{"href":"https:\/\/new.nowdevenezuela.com\/index.php\/wp-json\/wp\/v2\/product"}],"about":[{"href":"https:\/\/new.nowdevenezuela.com\/index.php\/wp-json\/wp\/v2\/types\/product"}],"replies":[{"embeddable":true,"href":"https:\/\/new.nowdevenezuela.com\/index.php\/wp-json\/wp\/v2\/comments?post=1748"}],"wp:featuredmedia":[{"embeddable":true,"href":"https:\/\/new.nowdevenezuela.com\/index.php\/wp-json\/wp\/v2\/media\/734"}],"wp:attachment":[{"href":"https:\/\/new.nowdevenezuela.com\/index.php\/wp-json\/wp\/v2\/media?parent=1748"}],"wp:term":[{"taxonomy":"product_brand","embeddable":true,"href":"https:\/\/new.nowdevenezuela.com\/index.php\/wp-json\/wp\/v2\/product_brand?post=1748"},{"taxonomy":"product_cat","embeddable":true,"href":"https:\/\/new.nowdevenezuela.com\/index.php\/wp-json\/wp\/v2\/product_cat?post=1748"},{"taxonomy":"product_tag","embeddable":true,"href":"https:\/\/new.nowdevenezuela.com\/index.php\/wp-json\/wp\/v2\/product_tag?post=1748"}],"curies":[{"name":"wp","href":"https:\/\/api.w.org\/{rel}","templated":true}]}}