{"id":1747,"date":"2025-12-11T15:57:55","date_gmt":"2025-12-11T19:57:55","guid":{"rendered":"https:\/\/new.nowdevenezuela.com\/?post_type=product&#038;p=1747"},"modified":"2025-12-11T15:57:59","modified_gmt":"2025-12-11T19:57:59","slug":"gluconato-de-zinc-50mg-100-tabletas","status":"publish","type":"product","link":"https:\/\/new.nowdevenezuela.com\/index.php\/product\/gluconato-de-zinc-50mg-100-tabletas\/","title":{"rendered":"Gluconato de Zinc 50mg 100 tabletas"},"content":{"rendered":"<p style=\"text-align: left\"><strong>Presentaci\u00f3n:<\/strong><\/p>\n<p style=\"text-align: left\">&#8211;\u00a0 Envase de 100 tabletas de 50 mg.<\/p>\n<p style=\"text-align: left\"><strong>Modo de uso:<\/strong><\/p>\n<p style=\"text-align: left\">&#8211;\u00a0 Tomar 1 tableta diaria.<\/p>\n","protected":false},"excerpt":{"rendered":"<p><strong>Menopausia sin Problemas<\/strong><\/p>\n<p>&#8211; Antis\u00e9ptico de las v\u00edas urinarias. Mejora la funci\u00f3n prost\u00e1tica.<\/p>\n<p>&#8211; Funci\u00f3n antioxidante. \u00a0Aumenta la respuesta inmunol\u00f3gica del organismo.<\/p>\n<p>&#8211; Promueve la cicatrizaci\u00f3n de las heridas.<\/p>\n","protected":false},"featured_media":731,"comment_status":"open","ping_status":"closed","template":"","meta":[],"product_brand":[],"product_cat":[44,46],"product_tag":[49,50,51],"class_list":{"0":"post-1747","1":"product","2":"type-product","3":"status-publish","4":"has-post-thumbnail","6":"product_cat-inmunologica","7":"product_cat-mas-vendido","8":"product_tag-cicatrizacion","9":"product_tag-inmunologica","10":"product_tag-zinc-antiseptico-vitaminas-antioxidantes-menopausia","12":"first","13":"instock","14":"shipping-taxable","15":"purchasable","16":"product-type-simple"},"_links":{"self":[{"href":"https:\/\/new.nowdevenezuela.com\/index.php\/wp-json\/wp\/v2\/product\/1747","targetHints":{"allow":["GET"]}}],"collection":[{"href":"https:\/\/new.nowdevenezuela.com\/index.php\/wp-json\/wp\/v2\/product"}],"about":[{"href":"https:\/\/new.nowdevenezuela.com\/index.php\/wp-json\/wp\/v2\/types\/product"}],"replies":[{"embeddable":true,"href":"https:\/\/new.nowdevenezuela.com\/index.php\/wp-json\/wp\/v2\/comments?post=1747"}],"wp:featuredmedia":[{"embeddable":true,"href":"https:\/\/new.nowdevenezuela.com\/index.php\/wp-json\/wp\/v2\/media\/731"}],"wp:attachment":[{"href":"https:\/\/new.nowdevenezuela.com\/index.php\/wp-json\/wp\/v2\/media?parent=1747"}],"wp:term":[{"taxonomy":"product_brand","embeddable":true,"href":"https:\/\/new.nowdevenezuela.com\/index.php\/wp-json\/wp\/v2\/product_brand?post=1747"},{"taxonomy":"product_cat","embeddable":true,"href":"https:\/\/new.nowdevenezuela.com\/index.php\/wp-json\/wp\/v2\/product_cat?post=1747"},{"taxonomy":"product_tag","embeddable":true,"href":"https:\/\/new.nowdevenezuela.com\/index.php\/wp-json\/wp\/v2\/product_tag?post=1747"}],"curies":[{"name":"wp","href":"https:\/\/api.w.org\/{rel}","templated":true}]}}