{"id":1745,"date":"2025-12-11T15:57:55","date_gmt":"2025-12-11T19:57:55","guid":{"rendered":"https:\/\/new.nowdevenezuela.com\/?post_type=product&#038;p=1745"},"modified":"2025-12-11T15:57:58","modified_gmt":"2025-12-11T19:57:58","slug":"acido-alfa-lipoico-250mg-60-capsulas-vegetales","status":"publish","type":"product","link":"https:\/\/new.nowdevenezuela.com\/index.php\/product\/acido-alfa-lipoico-250mg-60-capsulas-vegetales\/","title":{"rendered":"\u00c1cido Alfa Lip\u00f3ico 250mg 60 c\u00e1psulas vegetales"},"content":{"rendered":"<p style=\"text-align: left\"><strong>Presentaci\u00f3n:<\/strong><\/p>\n<p style=\"text-align: left\">&#8211;\u00a0 Envase de 60\u00a0 c\u00e1psulas por 250mg.<\/p>\n<p style=\"text-align: left\"><strong>Modo de uso:<\/strong><\/p>\n<p style=\"text-align: left\">&#8211;\u00a0 Tomar 2 c\u00e1psulas despu\u00e9s del desayuno<\/p>\n","protected":false},"excerpt":{"rendered":"<p><strong>El antioxidante universal<\/strong><\/p>\n<p>&#8211; Se considera un poderoso antioxidante.<\/p>\n<p>&#8211;\u00a0 Retarda el envejecimiento.<\/p>\n<p>&#8211; Prolonga la vida \u00fatil de tus c\u00e9lulas. Contrarresta los efectos negativos del estr\u00e9s, el alcohol y el h\u00e1bito de fumar.<\/p>\n<p>&#8211; Restaura la energ\u00eda vital.<\/p>\n","protected":false},"featured_media":725,"comment_status":"open","ping_status":"closed","template":"","meta":[],"product_brand":[],"product_cat":[44],"product_tag":[45],"class_list":{"0":"post-1745","1":"product","2":"type-product","3":"status-publish","4":"has-post-thumbnail","6":"product_cat-inmunologica","7":"product_tag-acidoalfalipoico-vitaminas-antioxidante","9":"first","10":"instock","11":"shipping-taxable","12":"purchasable","13":"product-type-simple"},"_links":{"self":[{"href":"https:\/\/new.nowdevenezuela.com\/index.php\/wp-json\/wp\/v2\/product\/1745","targetHints":{"allow":["GET"]}}],"collection":[{"href":"https:\/\/new.nowdevenezuela.com\/index.php\/wp-json\/wp\/v2\/product"}],"about":[{"href":"https:\/\/new.nowdevenezuela.com\/index.php\/wp-json\/wp\/v2\/types\/product"}],"replies":[{"embeddable":true,"href":"https:\/\/new.nowdevenezuela.com\/index.php\/wp-json\/wp\/v2\/comments?post=1745"}],"wp:featuredmedia":[{"embeddable":true,"href":"https:\/\/new.nowdevenezuela.com\/index.php\/wp-json\/wp\/v2\/media\/725"}],"wp:attachment":[{"href":"https:\/\/new.nowdevenezuela.com\/index.php\/wp-json\/wp\/v2\/media?parent=1745"}],"wp:term":[{"taxonomy":"product_brand","embeddable":true,"href":"https:\/\/new.nowdevenezuela.com\/index.php\/wp-json\/wp\/v2\/product_brand?post=1745"},{"taxonomy":"product_cat","embeddable":true,"href":"https:\/\/new.nowdevenezuela.com\/index.php\/wp-json\/wp\/v2\/product_cat?post=1745"},{"taxonomy":"product_tag","embeddable":true,"href":"https:\/\/new.nowdevenezuela.com\/index.php\/wp-json\/wp\/v2\/product_tag?post=1745"}],"curies":[{"name":"wp","href":"https:\/\/api.w.org\/{rel}","templated":true}]}}